{"id":5555,"date":"2024-10-16T12:28:14","date_gmt":"2024-10-16T11:28:14","guid":{"rendered":"https:\/\/ffuuss.com\/aviso-legal-nuevo\/"},"modified":"2024-10-30T15:35:56","modified_gmt":"2024-10-30T14:35:56","slug":"aviso-legal","status":"publish","type":"page","link":"https:\/\/ffuuss.com\/es\/aviso-legal\/","title":{"rendered":"Aviso Legal"},"content":{"rendered":"\t\t<div data-elementor-type=\"wp-page\" data-elementor-id=\"5555\" class=\"elementor elementor-5555 elementor-5541\">\n\t\t\t\t\t\t<section class=\"elementor-section elementor-top-section elementor-element elementor-element-2a382e5 elementor-hidden-tablet elementor-hidden-mobile elementor-section-boxed elementor-section-height-default elementor-section-height-default\" data-id=\"2a382e5\" data-element_type=\"section\" data-settings=\"{&quot;background_background&quot;:&quot;classic&quot;,&quot;ekit_has_onepagescroll_dot&quot;:&quot;yes&quot;}\">\n\t\t\t\t\t\t<div class=\"elementor-container elementor-column-gap-default\">\n\t\t\t\t\t<div class=\"elementor-column elementor-col-100 elementor-top-column elementor-element elementor-element-6d0b069\" data-id=\"6d0b069\" data-element_type=\"column\">\n\t\t\t<div class=\"elementor-widget-wrap elementor-element-populated\">\n\t\t\t\t\t\t<div class=\"elementor-element elementor-element-335354e elementor-widget elementor-widget-spacer\" data-id=\"335354e\" data-element_type=\"widget\" data-settings=\"{&quot;ekit_we_effect_on&quot;:&quot;none&quot;}\" data-widget_type=\"spacer.default\">\n\t\t\t\t<div class=\"elementor-widget-container\">\n\t\t\t\t\t<div class=\"elementor-spacer\">\n\t\t\t<div class=\"elementor-spacer-inner\"><\/div>\n\t\t<\/div>\n\t\t\t\t<\/div>\n\t\t\t\t<\/div>\n\t\t\t\t\t<\/div>\n\t\t<\/div>\n\t\t\t\t\t<\/div>\n\t\t<\/section>\n\t\t\t\t<section class=\"elementor-section elementor-top-section elementor-element elementor-element-61a9310 elementor-section-boxed elementor-section-height-default elementor-section-height-default\" data-id=\"61a9310\" data-element_type=\"section\" data-settings=\"{&quot;ekit_has_onepagescroll_dot&quot;:&quot;yes&quot;}\">\n\t\t\t\t\t\t<div class=\"elementor-container elementor-column-gap-default\">\n\t\t\t\t\t<div class=\"elementor-column elementor-col-100 elementor-top-column elementor-element elementor-element-9624e9b\" data-id=\"9624e9b\" data-element_type=\"column\">\n\t\t\t<div class=\"elementor-widget-wrap elementor-element-populated\">\n\t\t\t\t\t\t<div class=\"elementor-element elementor-element-a75beda elementor-widget elementor-widget-heading\" data-id=\"a75beda\" data-element_type=\"widget\" data-settings=\"{&quot;ekit_we_effect_on&quot;:&quot;none&quot;}\" data-widget_type=\"heading.default\">\n\t\t\t\t<div class=\"elementor-widget-container\">\n\t\t\t<h1 class=\"elementor-heading-title elementor-size-default\">Aviso Legal<\/h1>\t\t<\/div>\n\t\t\t\t<\/div>\n\t\t\t\t<div class=\"elementor-element elementor-element-d7221bb elementor-widget elementor-widget-text-editor\" data-id=\"d7221bb\" data-element_type=\"widget\" data-settings=\"{&quot;ekit_we_effect_on&quot;:&quot;none&quot;}\" data-widget_type=\"text-editor.default\">\n\t\t\t\t<div class=\"elementor-widget-container\">\n\t\t\t\t\t\t\t<p>\u201cCONDICIONES GENERALES DE USO DEL PORTAL\u201d<\/p>\n<\/p>\n<p>Las cl\u00e1usulas que a continuaci\u00f3n se exponen se refieren a la configuraci\u00f3n del contrato marco que todo usuario del sitio web \u201cFFUUSS.COM\u201d deber\u00e1 leer y aceptar para poder acceder al mismo, sin perjuicio de las dem\u00e1s |Condiciones Generales de Venta| que formar\u00e1n parte integrante de los contratos de compraventa de los productos ofertados por la Empresa.<\/p>\n<\/p>\n<p>A los \u00fanicos efectos de las presentes Condiciones Generales, se entender\u00e1 por \u201cusuario\u201d todo aquel usuario de Internet que acceda al sitio web \u201cFFUUSS.COM\u201d, ya sea directamente o a trav\u00e9s de cualquier otro sitio web.<\/p>\n<\/p>\n<p>Las Condiciones Generales de Uso del Portal son las siguientes:<\/p>\n<\/p>\n<p><strong>I. GENERAL<\/strong><\/p>\n<p>Los servicios ofrecidos por FFUUSS 2013, S.L. (miembro de OTS GROUP) en este sitio web se rigen por las condiciones contenidas en este contrato, sin perjuicio de la compra de los productos ofertados en el sitio web, que se rigen adicionalmente por las |Condiciones Generales de Venta|.<\/p>\n<\/p>\n<p>FFUUSS 2013, S.L. se reserva el derecho a modificar total o parcialmente las presentes Condiciones Generales, entrando en vigor las nuevas condiciones pactadas desde el mismo momento de su publicaci\u00f3n en esta p\u00e1gina. En cualquier caso, dichas modificaciones no tendr\u00e1n efectos retroactivos sobre los servicios ya contratados por los usuarios. <\/p>\n<\/p>\n<p>Se entender\u00e1 que el usuario acepta las condiciones y reglas aqu\u00ed expresadas a todos los efectos si pulsa el bot\u00f3n \u201cAceptar\u201d que aparece al final del presente documento.<\/p>\n<\/p>\n<p><strong>II. IDENTIFICACI\u00d3N Y NOMBRE DEL OFERENTE <\/strong><\/p>\n<p>FFUUSS 2013, S.L. es una sociedad inscrita en el Registro Mercantil de Lleida al tomo 1.349, folio 127, secci\u00f3n 8, hoja L-26.961, con n\u00famero de identificaci\u00f3n fiscal B-25762303 y domicilio social en Solsona, Pol\u00edgono Industrial \u201cEls Ametllers\u201d, C\/ Ganiveters 7, Lleida 25280, Espa\u00f1a. <\/p>\n<p>N\u00famero de tel\u00e9fono: (+34) 974 481 900.<\/p>\n<p>Correo Electr\u00f3nico: <a href=\"mailto:info@ffuuss.com\">info@ffuuss.com<\/a>.<\/p>\n<p>Proporciona sus servicios en l\u00ednea a trav\u00e9s del sitio web \u201cFFUUSS.COM\u201d.<\/p>\n<p>Su domicilio a efectos de presentaci\u00f3n de reclamaciones es el mismo que el domicilio social indicado anteriormente.<\/p>\n<\/p>\n<p><strong>III. CONDICIONES DE USUARIO PARA EL ACCESO <\/strong><\/p>\n<p>El usuario se compromete a utilizar la informaci\u00f3n contenida en las p\u00e1ginas de este sitio web exclusivamente para sus propias necesidades y a no utilizar los servicios a los que tiene acceso con fines comerciales, ya sea directos o indirectos.<\/p>\n<p>El usuario del sitio web tiene derecho a acceder a la informaci\u00f3n p\u00fablica contenida en el mismo de forma libre y sin restricciones, si bien FFUUSS 2013, S.L. se reserva el derecho a restringir el acceso de los usuarios registrados a la informaci\u00f3n, promociones y ofertas especiales.<\/p>\n<p>Todo usuario que acceda al sitio web \u201cFFUUSS.COM\u201d tiene derecho a solicitar el acceso al sitio web como cliente para realizar una compra, as\u00ed como a registrarse como cliente, para poder disfrutar de las ofertas especiales dirigidas a clientes que cumplan las condiciones espec\u00edficas de la oferta como espec\u00edficas para cada producto. En este caso, el cliente-usuario quedar\u00e1 sujeto, adem\u00e1s de a las presentes condiciones, a las Condiciones Generales de Venta. <\/p>\n<\/p>\n<p><strong>IV. PUBLICIDAD Y OFERTAS PERSONALIZADAS AL CLIENTE <\/strong><\/p>\n<p>El usuario autoriza a FFUUSS 2013, S.L. a remitirle ofertas e informaci\u00f3n publicitaria. El usuario podr\u00e1 revocar su consentimiento en cualquier momento simplemente contactando con nuestro equipo de Atenci\u00f3n al Cliente en el tel\u00e9fono (+34) 973 481 900 o <a href=\"mailto:info@otsgroup.es\">info@otsgroup.es.<\/a> <\/p>\n<\/p>\n<p><strong>V. DERECHOS DE PROPIEDAD INTELECTUAL E INDUSTRIAL<\/strong><\/p>\n<p>Los derechos relativos a la propiedad industrial e intelectual (incluyendo a t\u00edtulo enunciativo pero no limitativo, marcas, logotipos, textos, fotograf\u00edas, iconos, im\u00e1genes, etc., as\u00ed como el dise\u00f1o gr\u00e1fico, c\u00f3digo fuente y dem\u00e1s elementos de software contenidos en el sitio web \u201cFFUUSS.COM\u201d) son propiedad de FFUUSS 2013, S.L. o de los mayoristas y fabricantes de los productos o servicios ofertados. Por tanto, est\u00e1n sujetos a derechos de propiedad intelectual e industrial que se encuentran protegidos tanto por la legislaci\u00f3n espa\u00f1ola como internacional. <\/p>\n<\/p>\n<p>Sin la autorizaci\u00f3n expresa y previa de FFUUSS 2013, S.L., o del fabricante del producto o titular de los derechos, en su caso, queda terminantemente prohibido utilizar, reproducir, difundir, manipular o cualquier uso que exceda del normal y necesario para la visita al sitio web y el uso de los servicios ofrecidos.<\/p>\n<\/p>\n<p>El acceso a los servicios suministrados no implica la renuncia, transmisi\u00f3n o cesi\u00f3n, total o parcial, por parte de FFUUSS 2013, S.L. de los derechos derivados de la propiedad intelectual e industrial, ni cede los derechos de utilizaci\u00f3n, alteraci\u00f3n, explotaci\u00f3n, reproducci\u00f3n, distribuci\u00f3n o comunicaci\u00f3n p\u00fablica del contenido del sitio web sin la autorizaci\u00f3n expresa y previa por escrito de los respectivos titulares de dichos derechos, sin perjuicio del derecho de visualizaci\u00f3n y obtenci\u00f3n de copia de seguridad privada de los contenidos, siempre que este derecho se ejercite de buena fe y no se altere la propiedad intelectual e industrial del titular de dichos derechos por el ejercicio de los mismos, no se utilice con fines comerciales y se utilice \u00fanicamente para informaci\u00f3n personal del usuario.<\/p>\n<\/p>\n<p>Queda terminantemente prohibido, salvo en los casos expresamente autorizados por FFUUSS 2013, S.L., crear enlaces o hiperenlaces desde portales o sitios web de terceros a p\u00e1ginas del sitio web de FFUUSS 2013, S.L. distintas de la home page, a la que se acceda a trav\u00e9s de la URL \u201chttp:\/\/ffuuss.com\/\u201d, o aquella que la sustituya en el futuro, as\u00ed como presentar la informaci\u00f3n contenida en las mismas bajo frames o marcos, signos distintivos, marcas o denominaciones sociales de otra persona, empresa o entidad.<\/p>\n<\/p>\n<p>El usuario ser\u00e1 el \u00fanico responsable del uso que haga de los materiales protegidos por derechos de propiedad intelectual e industrial contenidos en este sitio web.<\/p>\n<\/p>\n<p><strong>VI. OBJETO DEL SITIO WEB <\/strong><\/p>\n<p>La finalidad del servicio prestado por FFUUSS 2013, S.L. a trav\u00e9s del sitio web \u201cFFUUSS.COM\u201d es ofrecer a los usuarios informaci\u00f3n sobre los secadores de manos comercializados por esta empresa bajo su propia marca registrada, FFUUSS, con el fin de venderlos mediante contratos digitales.<\/p>\n<\/p>\n<p><strong>VII. EXONERACI\u00d3N DE RESPONSABILIDAD <\/strong><\/p>\n<p>FFUUSS 2013, S.L. no garantiza el acceso continuado, ni la correcta visualizaci\u00f3n, descarga o utilidad de los elementos e informaciones contenidas en el sitio web, que pueden verse impedidos, dificultados o interrumpidos por factores y circunstancias fuera de su control.<\/p>\n<\/p>\n<p>FFUUSS 2013, S.L. no ser\u00e1 responsable de las interrupciones que se produzcan en sus servicios digitales o de telecomunicaciones que impidan a los usuarios utilizar los servicios ofrecidos.<\/p>\n<\/p>\n<p>Asimismo, FFUUSS 2013, S.L. tampoco ser\u00e1 responsable del contenido de las p\u00e1ginas web a las que el usuario pueda ser redirigido desde su propio sitio web..<\/p>\n<\/p>\n<p><strong>VIII. LEGISLACI\u00d3N APLICABLE <\/strong><\/p>\n<p>Las presentes Condiciones Generales se rigen por la legislaci\u00f3n espa\u00f1ola.<\/p>\n<\/p>\n<p><strong>IX. PROTECCI\u00d3N DE DATOS PERSONALES <\/strong><\/p>\n<p>Responsable del tratamiento: El responsable del tratamiento de los datos personales que nos ha facilitado es FFUUSS 2013, S.L. (miembro del GRUPO OTS) (Pol. Ind. \u201cEls Ametllers\u201d, C\/ Ganiveters 7, 25280 Solsona \u2013 Lleida, Espa\u00f1a \/ info@otsgroup.es).<\/p>\n<\/p>\n<p>Finalidad: Los datos personales que nos facilites ser\u00e1n utilizados \u00fanicamente para las siguientes finalidades: Gestionar los pedidos recibidos, ofrecer servicios de atenci\u00f3n al cliente y responder a las consultas planteadas, y para fines estad\u00edsticos y de gesti\u00f3n contable, fiscal y administrativa.<\/p>\n<\/p>\n<p>Base legal: La base legal para el tratamiento de sus datos es la ejecuci\u00f3n de un contrato o el consentimiento del interesado, siendo la base legal el C\u00f3digo de Comercio, leyes complementarias y cualquier ley espec\u00edfica que pueda afectar espec\u00edficamente a la actividad empresarial.<\/p>\n<\/p>\n<p>Destinatarios: OTS GROUP tiene contratado un servicio de computaci\u00f3n en la nube que cumple con todos los requisitos legales estipulados en el RGPD.<\/p>\n<\/p>\n<p>Derechos: Para ejercitar sus derechos de acceso, rectificaci\u00f3n, supresi\u00f3n, oposici\u00f3n, derecho al olvido y derecho a la limitaci\u00f3n y portabilidad de sus datos, puede dirigirse a: OTS GROUP (Pol. Ind. \u201cEls Ametllers\u201d, C\/ Ganiveters 7, 25280 Solsona \u2013 Lleida, Espa\u00f1a \/ info@otsgroup.es). Asimismo, tiene derecho a presentar una reclamaci\u00f3n ante la Agencia Espa\u00f1ola de Protecci\u00f3n de Datos (AEPD). <\/p>\n<\/p>\n<p>Informaci\u00f3n adicional: OTS GROUP se compromete a no utilizar de manera desleal la informaci\u00f3n y los datos personales que usted le facilite y se compromete a mantener la confidencialidad de dichos datos en todas las solicitudes.<\/p>\n<p>Sus datos se conservar\u00e1n mientras exista la relaci\u00f3n comercial entre nosotros o durante el tiempo necesario para cumplir con nuestras obligaciones legales.<\/p>\n<p>En relaci\u00f3n al tratamiento de datos y a toda la documentaci\u00f3n, OTS GROUP ha implementado todas las medidas correspondientes y documentos de seguridad exigidos por la legislaci\u00f3n vigente.<\/p>\n\t\t\t\t\t\t<\/div>\n\t\t\t\t<\/div>\n\t\t\t\t\t<\/div>\n\t\t<\/div>\n\t\t\t\t\t<\/div>\n\t\t<\/section>\n\t\t\t\t<\/div>\n\t\t","protected":false},"excerpt":{"rendered":"Aviso Legal \u201cCONDICIONES GENERALES DE USO DEL PORTAL\u201d Las cl\u00e1usulas que a continuaci\u00f3n se exponen se refieren a la configuraci\u00f3n del contrato marco que todo usuario del sitio web \u201cFFUUSS.COM\u201d deber\u00e1 leer y aceptar para poder acceder al mismo, sin perjuicio de las dem\u00e1s |Condiciones Generales de Venta| que formar\u00e1n parte integrante de los contratos [&hellip;]","protected":false},"author":5,"featured_media":0,"parent":0,"menu_order":0,"comment_status":"closed","ping_status":"closed","template":"","meta":{"inline_featured_image":false,"_genesis_hide_title":false,"_genesis_hide_breadcrumbs":false,"_genesis_hide_singular_image":false,"_genesis_hide_footer_widgets":false,"_genesis_custom_body_class":"","_genesis_custom_post_class":"","_genesis_layout":"","footnotes":""},"yoast_head":"<!-- This site is optimized with the Yoast SEO plugin v22.3 - https:\/\/yoast.com\/wordpress\/plugins\/seo\/ -->\n<title>Aviso Legal - ffuuss\u2122<\/title>\n<meta name=\"robots\" content=\"index, follow, max-snippet:-1, max-image-preview:large, max-video-preview:-1\" \/>\n<link rel=\"canonical\" href=\"https:\/\/ffuuss.com\/es\/aviso-legal\/\" \/>\n<meta property=\"og:locale\" content=\"es_ES\" \/>\n<meta property=\"og:type\" content=\"article\" \/>\n<meta property=\"og:title\" content=\"Aviso Legal - ffuuss\u2122\" \/>\n<meta property=\"og:description\" content=\"Aviso Legal \u201cCONDICIONES GENERALES DE USO DEL PORTAL\u201d Las cl\u00e1usulas que a continuaci\u00f3n se exponen se refieren a la configuraci\u00f3n del contrato marco que todo usuario del sitio web \u201cFFUUSS.COM\u201d deber\u00e1 leer y aceptar para poder acceder al mismo, sin perjuicio de las dem\u00e1s |Condiciones Generales de Venta| que formar\u00e1n parte integrante de los contratos [&hellip;]\" \/>\n<meta property=\"og:url\" content=\"https:\/\/ffuuss.com\/es\/aviso-legal\/\" \/>\n<meta property=\"og:site_name\" content=\"ffuuss\u2122\" \/>\n<meta property=\"article:modified_time\" content=\"2024-10-30T14:35:56+00:00\" \/>\n<meta name=\"twitter:card\" content=\"summary_large_image\" \/>\n<meta name=\"twitter:label1\" content=\"Tiempo de lectura\" \/>\n\t<meta name=\"twitter:data1\" content=\"7 minutos\" \/>\n<script type=\"application\/ld+json\" class=\"yoast-schema-graph\">{\"@context\":\"https:\/\/schema.org\",\"@graph\":[{\"@type\":\"WebPage\",\"@id\":\"https:\/\/ffuuss.com\/es\/aviso-legal\/\",\"url\":\"https:\/\/ffuuss.com\/es\/aviso-legal\/\",\"name\":\"Aviso Legal - ffuuss\u2122\",\"isPartOf\":{\"@id\":\"https:\/\/ffuuss.com\/#website\"},\"datePublished\":\"2024-10-16T11:28:14+00:00\",\"dateModified\":\"2024-10-30T14:35:56+00:00\",\"breadcrumb\":{\"@id\":\"https:\/\/ffuuss.com\/es\/aviso-legal\/#breadcrumb\"},\"inLanguage\":\"es\",\"potentialAction\":[{\"@type\":\"ReadAction\",\"target\":[\"https:\/\/ffuuss.com\/es\/aviso-legal\/\"]}]},{\"@type\":\"BreadcrumbList\",\"@id\":\"https:\/\/ffuuss.com\/es\/aviso-legal\/#breadcrumb\",\"itemListElement\":[{\"@type\":\"ListItem\",\"position\":1,\"name\":\"Home\",\"item\":\"https:\/\/ffuuss.com\/es\/\"},{\"@type\":\"ListItem\",\"position\":2,\"name\":\"Aviso Legal\"}]},{\"@type\":\"WebSite\",\"@id\":\"https:\/\/ffuuss.com\/#website\",\"url\":\"https:\/\/ffuuss.com\/\",\"name\":\"ffuuss\u2122\",\"description\":\"Air hugs technology\",\"potentialAction\":[{\"@type\":\"SearchAction\",\"target\":{\"@type\":\"EntryPoint\",\"urlTemplate\":\"https:\/\/ffuuss.com\/?s={search_term_string}\"},\"query-input\":\"required name=search_term_string\"}],\"inLanguage\":\"es\"}]}<\/script>\n<!-- \/ Yoast SEO plugin. -->","yoast_head_json":{"title":"Aviso Legal - ffuuss\u2122","robots":{"index":"index","follow":"follow","max-snippet":"max-snippet:-1","max-image-preview":"max-image-preview:large","max-video-preview":"max-video-preview:-1"},"canonical":"https:\/\/ffuuss.com\/es\/aviso-legal\/","og_locale":"es_ES","og_type":"article","og_title":"Aviso Legal - ffuuss\u2122","og_description":"Aviso Legal \u201cCONDICIONES GENERALES DE USO DEL PORTAL\u201d Las cl\u00e1usulas que a continuaci\u00f3n se exponen se refieren a la configuraci\u00f3n del contrato marco que todo usuario del sitio web \u201cFFUUSS.COM\u201d deber\u00e1 leer y aceptar para poder acceder al mismo, sin perjuicio de las dem\u00e1s |Condiciones Generales de Venta| que formar\u00e1n parte integrante de los contratos [&hellip;]","og_url":"https:\/\/ffuuss.com\/es\/aviso-legal\/","og_site_name":"ffuuss\u2122","article_modified_time":"2024-10-30T14:35:56+00:00","twitter_card":"summary_large_image","twitter_misc":{"Tiempo de lectura":"7 minutos"},"schema":{"@context":"https:\/\/schema.org","@graph":[{"@type":"WebPage","@id":"https:\/\/ffuuss.com\/es\/aviso-legal\/","url":"https:\/\/ffuuss.com\/es\/aviso-legal\/","name":"Aviso Legal - ffuuss\u2122","isPartOf":{"@id":"https:\/\/ffuuss.com\/#website"},"datePublished":"2024-10-16T11:28:14+00:00","dateModified":"2024-10-30T14:35:56+00:00","breadcrumb":{"@id":"https:\/\/ffuuss.com\/es\/aviso-legal\/#breadcrumb"},"inLanguage":"es","potentialAction":[{"@type":"ReadAction","target":["https:\/\/ffuuss.com\/es\/aviso-legal\/"]}]},{"@type":"BreadcrumbList","@id":"https:\/\/ffuuss.com\/es\/aviso-legal\/#breadcrumb","itemListElement":[{"@type":"ListItem","position":1,"name":"Home","item":"https:\/\/ffuuss.com\/es\/"},{"@type":"ListItem","position":2,"name":"Aviso Legal"}]},{"@type":"WebSite","@id":"https:\/\/ffuuss.com\/#website","url":"https:\/\/ffuuss.com\/","name":"ffuuss\u2122","description":"Air hugs technology","potentialAction":[{"@type":"SearchAction","target":{"@type":"EntryPoint","urlTemplate":"https:\/\/ffuuss.com\/?s={search_term_string}"},"query-input":"required name=search_term_string"}],"inLanguage":"es"}]}},"_links":{"self":[{"href":"https:\/\/ffuuss.com\/es\/wp-json\/wp\/v2\/pages\/5555"}],"collection":[{"href":"https:\/\/ffuuss.com\/es\/wp-json\/wp\/v2\/pages"}],"about":[{"href":"https:\/\/ffuuss.com\/es\/wp-json\/wp\/v2\/types\/page"}],"author":[{"embeddable":true,"href":"https:\/\/ffuuss.com\/es\/wp-json\/wp\/v2\/users\/5"}],"replies":[{"embeddable":true,"href":"https:\/\/ffuuss.com\/es\/wp-json\/wp\/v2\/comments?post=5555"}],"version-history":[{"count":0,"href":"https:\/\/ffuuss.com\/es\/wp-json\/wp\/v2\/pages\/5555\/revisions"}],"wp:attachment":[{"href":"https:\/\/ffuuss.com\/es\/wp-json\/wp\/v2\/media?parent=5555"}],"curies":[{"name":"wp","href":"https:\/\/api.w.org\/{rel}","templated":true}]}}