{"id":5553,"date":"2024-10-16T12:21:48","date_gmt":"2024-10-16T11:21:48","guid":{"rendered":"https:\/\/ffuuss.com\/politica-de-cookies-nuevo\/"},"modified":"2024-10-30T15:43:02","modified_gmt":"2024-10-30T14:43:02","slug":"politica-de-cookies","status":"publish","type":"page","link":"https:\/\/ffuuss.com\/es\/politica-de-cookies\/","title":{"rendered":"Pol\u00edtica de cookies"},"content":{"rendered":"\t\t<div data-elementor-type=\"wp-page\" data-elementor-id=\"5553\" class=\"elementor elementor-5553 elementor-5546\">\n\t\t\t\t\t\t<section class=\"elementor-section elementor-top-section elementor-element elementor-element-660ec73 elementor-hidden-tablet elementor-hidden-mobile elementor-section-boxed elementor-section-height-default elementor-section-height-default\" data-id=\"660ec73\" data-element_type=\"section\" data-settings=\"{&quot;background_background&quot;:&quot;classic&quot;,&quot;ekit_has_onepagescroll_dot&quot;:&quot;yes&quot;}\">\n\t\t\t\t\t\t<div class=\"elementor-container elementor-column-gap-default\">\n\t\t\t\t\t<div class=\"elementor-column elementor-col-100 elementor-top-column elementor-element elementor-element-f076247\" data-id=\"f076247\" data-element_type=\"column\">\n\t\t\t<div class=\"elementor-widget-wrap elementor-element-populated\">\n\t\t\t\t\t\t<div class=\"elementor-element elementor-element-3033cd4 elementor-widget elementor-widget-spacer\" data-id=\"3033cd4\" data-element_type=\"widget\" data-settings=\"{&quot;ekit_we_effect_on&quot;:&quot;none&quot;}\" data-widget_type=\"spacer.default\">\n\t\t\t\t<div class=\"elementor-widget-container\">\n\t\t\t\t\t<div class=\"elementor-spacer\">\n\t\t\t<div class=\"elementor-spacer-inner\"><\/div>\n\t\t<\/div>\n\t\t\t\t<\/div>\n\t\t\t\t<\/div>\n\t\t\t\t\t<\/div>\n\t\t<\/div>\n\t\t\t\t\t<\/div>\n\t\t<\/section>\n\t\t\t\t<section class=\"elementor-section elementor-top-section elementor-element elementor-element-61a9310 elementor-section-boxed elementor-section-height-default elementor-section-height-default\" data-id=\"61a9310\" data-element_type=\"section\" data-settings=\"{&quot;ekit_has_onepagescroll_dot&quot;:&quot;yes&quot;}\">\n\t\t\t\t\t\t<div class=\"elementor-container elementor-column-gap-default\">\n\t\t\t\t\t<div class=\"elementor-column elementor-col-100 elementor-top-column elementor-element elementor-element-9624e9b\" data-id=\"9624e9b\" data-element_type=\"column\">\n\t\t\t<div class=\"elementor-widget-wrap elementor-element-populated\">\n\t\t\t\t\t\t<div class=\"elementor-element elementor-element-a75beda elementor-widget elementor-widget-heading\" data-id=\"a75beda\" data-element_type=\"widget\" data-settings=\"{&quot;ekit_we_effect_on&quot;:&quot;none&quot;}\" data-widget_type=\"heading.default\">\n\t\t\t\t<div class=\"elementor-widget-container\">\n\t\t\t<h1 class=\"elementor-heading-title elementor-size-default\">Pol\u00edtica de cookies<\/h1>\t\t<\/div>\n\t\t\t\t<\/div>\n\t\t\t\t<div class=\"elementor-element elementor-element-d7221bb elementor-widget elementor-widget-text-editor\" data-id=\"d7221bb\" data-element_type=\"widget\" data-settings=\"{&quot;ekit_we_effect_on&quot;:&quot;none&quot;}\" data-widget_type=\"text-editor.default\">\n\t\t\t\t<div class=\"elementor-widget-container\">\n\t\t\t\t\t\t\t<p>1. Tipos de datos tratados \/ Enlaces a otros sitios web | ffuuss respeta tu privacidad. ffuuss no recoge ni trata ning\u00fan tipo de datos personales a trav\u00e9s de este sitio web, salvo los recogidos a trav\u00e9s de cookies, tal y como se explica a continuaci\u00f3n. Este sitio web puede contener enlaces a otros sitios web propiedad de ffuuss, o a sitios web propiedad de nuestros distribuidores, reparadores autorizados, otras empresas relacionadas o redes sociales. Al hacer clic en un enlace a otro sitio web propiedad de ffuuss o de otro tercero, recuerda que estas p\u00e1ginas tienen su propia pol\u00edtica de privacidad. Antes de utilizar estos sitios web, lee su pol\u00edtica de privacidad. ffuuss no acepta ning\u00fan tipo de responsabilidad por los sitios web de terceros cuyos enlaces aparecen en este sitio web.     <\/p>\n<\/p>\n<p>2. Recopilaci\u00f3n y uso de informaci\u00f3n | Para mejorar el rendimiento del sistema y la facilidad de uso de este sitio web, as\u00ed como para proporcionar informaci\u00f3n \u00fatil sobre nuestros productos y servicios, recopilamos y almacenamos autom\u00e1ticamente informaci\u00f3n en los archivos de registro de su computadora. Esto incluye su direcci\u00f3n IP, tipo de navegador, idioma seleccionado, sistema operativo, proveedor de servicios de Internet (ISP) y la fecha y hora. Esta informaci\u00f3n se utiliza globalmente para mejorar la gesti\u00f3n de este sitio web, analizar tendencias y recopilar datos demogr\u00e1ficos sobre nuestros usuarios. La informaci\u00f3n recopilada puede ser utilizada por nuestros servicios de marketing, publicidad y comunicaci\u00f3n (para optimizar y mejorar la experiencia del usuario e introducir ofertas especiales y servicios m\u00e1s atractivos, por ejemplo). Esto incluye su direcci\u00f3n IP, tipo de navegador, idioma seleccionado, sistema operativo, proveedor de servicios de Internet (ISP) y la fecha y hora. Esta informaci\u00f3n se utiliza globalmente para mejorar la gesti\u00f3n de este sitio web, analizar tendencias y recopilar datos demogr\u00e1ficos sobre nuestros usuarios. La informaci\u00f3n recopilada puede ser utilizada por nuestros servicios de marketing, publicidad y comunicaci\u00f3n (para optimizar y mejorar la experiencia del usuario e introducir ofertas especiales y servicios m\u00e1s atractivos, por ejemplo).  <\/p>\n<\/p>\n<p>Si se utiliza informaci\u00f3n no personal junto con datos personales, todo el conjunto de datos se procesar\u00e1 como datos personales.<\/p>\n\t\t\t\t\t\t<\/div>\n\t\t\t\t<\/div>\n\t\t\t\t\t<\/div>\n\t\t<\/div>\n\t\t\t\t\t<\/div>\n\t\t<\/section>\n\t\t\t\t<\/div>\n\t\t","protected":false},"excerpt":{"rendered":"Pol\u00edtica de cookies 1. Tipos de datos tratados \/ Enlaces a otros sitios web | ffuuss respeta tu privacidad. ffuuss no recoge ni trata ning\u00fan tipo de datos personales a trav\u00e9s de este sitio web, salvo los recogidos a trav\u00e9s de cookies, tal y como se explica a continuaci\u00f3n. Este sitio web puede contener enlaces [&hellip;]","protected":false},"author":5,"featured_media":0,"parent":0,"menu_order":0,"comment_status":"closed","ping_status":"closed","template":"","meta":{"inline_featured_image":false,"_genesis_hide_title":false,"_genesis_hide_breadcrumbs":false,"_genesis_hide_singular_image":false,"_genesis_hide_footer_widgets":false,"_genesis_custom_body_class":"","_genesis_custom_post_class":"","_genesis_layout":"","footnotes":""},"yoast_head":"<!-- This site is optimized with the Yoast SEO plugin v22.3 - https:\/\/yoast.com\/wordpress\/plugins\/seo\/ -->\n<title>Pol\u00edtica de cookies - ffuuss\u2122<\/title>\n<meta name=\"robots\" content=\"index, follow, max-snippet:-1, max-image-preview:large, max-video-preview:-1\" \/>\n<link rel=\"canonical\" href=\"https:\/\/ffuuss.com\/es\/politica-de-cookies\/\" \/>\n<meta property=\"og:locale\" content=\"es_ES\" \/>\n<meta property=\"og:type\" content=\"article\" \/>\n<meta property=\"og:title\" content=\"Pol\u00edtica de cookies - ffuuss\u2122\" \/>\n<meta property=\"og:description\" content=\"Pol\u00edtica de cookies 1. Tipos de datos tratados \/ Enlaces a otros sitios web | ffuuss respeta tu privacidad. ffuuss no recoge ni trata ning\u00fan tipo de datos personales a trav\u00e9s de este sitio web, salvo los recogidos a trav\u00e9s de cookies, tal y como se explica a continuaci\u00f3n. Este sitio web puede contener enlaces [&hellip;]\" \/>\n<meta property=\"og:url\" content=\"https:\/\/ffuuss.com\/es\/politica-de-cookies\/\" \/>\n<meta property=\"og:site_name\" content=\"ffuuss\u2122\" \/>\n<meta property=\"article:modified_time\" content=\"2024-10-30T14:43:02+00:00\" \/>\n<meta name=\"twitter:card\" content=\"summary_large_image\" \/>\n<meta name=\"twitter:label1\" content=\"Tiempo de lectura\" \/>\n\t<meta name=\"twitter:data1\" content=\"2 minutos\" \/>\n<script type=\"application\/ld+json\" class=\"yoast-schema-graph\">{\"@context\":\"https:\/\/schema.org\",\"@graph\":[{\"@type\":\"WebPage\",\"@id\":\"https:\/\/ffuuss.com\/es\/politica-de-cookies\/\",\"url\":\"https:\/\/ffuuss.com\/es\/politica-de-cookies\/\",\"name\":\"Pol\u00edtica de cookies - ffuuss\u2122\",\"isPartOf\":{\"@id\":\"https:\/\/ffuuss.com\/#website\"},\"datePublished\":\"2024-10-16T11:21:48+00:00\",\"dateModified\":\"2024-10-30T14:43:02+00:00\",\"breadcrumb\":{\"@id\":\"https:\/\/ffuuss.com\/es\/politica-de-cookies\/#breadcrumb\"},\"inLanguage\":\"es\",\"potentialAction\":[{\"@type\":\"ReadAction\",\"target\":[\"https:\/\/ffuuss.com\/es\/politica-de-cookies\/\"]}]},{\"@type\":\"BreadcrumbList\",\"@id\":\"https:\/\/ffuuss.com\/es\/politica-de-cookies\/#breadcrumb\",\"itemListElement\":[{\"@type\":\"ListItem\",\"position\":1,\"name\":\"Home\",\"item\":\"https:\/\/ffuuss.com\/es\/\"},{\"@type\":\"ListItem\",\"position\":2,\"name\":\"Pol\u00edtica de cookies\"}]},{\"@type\":\"WebSite\",\"@id\":\"https:\/\/ffuuss.com\/#website\",\"url\":\"https:\/\/ffuuss.com\/\",\"name\":\"ffuuss\u2122\",\"description\":\"Air hugs technology\",\"potentialAction\":[{\"@type\":\"SearchAction\",\"target\":{\"@type\":\"EntryPoint\",\"urlTemplate\":\"https:\/\/ffuuss.com\/?s={search_term_string}\"},\"query-input\":\"required name=search_term_string\"}],\"inLanguage\":\"es\"}]}<\/script>\n<!-- \/ Yoast SEO plugin. -->","yoast_head_json":{"title":"Pol\u00edtica de cookies - ffuuss\u2122","robots":{"index":"index","follow":"follow","max-snippet":"max-snippet:-1","max-image-preview":"max-image-preview:large","max-video-preview":"max-video-preview:-1"},"canonical":"https:\/\/ffuuss.com\/es\/politica-de-cookies\/","og_locale":"es_ES","og_type":"article","og_title":"Pol\u00edtica de cookies - ffuuss\u2122","og_description":"Pol\u00edtica de cookies 1. Tipos de datos tratados \/ Enlaces a otros sitios web | ffuuss respeta tu privacidad. ffuuss no recoge ni trata ning\u00fan tipo de datos personales a trav\u00e9s de este sitio web, salvo los recogidos a trav\u00e9s de cookies, tal y como se explica a continuaci\u00f3n. Este sitio web puede contener enlaces [&hellip;]","og_url":"https:\/\/ffuuss.com\/es\/politica-de-cookies\/","og_site_name":"ffuuss\u2122","article_modified_time":"2024-10-30T14:43:02+00:00","twitter_card":"summary_large_image","twitter_misc":{"Tiempo de lectura":"2 minutos"},"schema":{"@context":"https:\/\/schema.org","@graph":[{"@type":"WebPage","@id":"https:\/\/ffuuss.com\/es\/politica-de-cookies\/","url":"https:\/\/ffuuss.com\/es\/politica-de-cookies\/","name":"Pol\u00edtica de cookies - ffuuss\u2122","isPartOf":{"@id":"https:\/\/ffuuss.com\/#website"},"datePublished":"2024-10-16T11:21:48+00:00","dateModified":"2024-10-30T14:43:02+00:00","breadcrumb":{"@id":"https:\/\/ffuuss.com\/es\/politica-de-cookies\/#breadcrumb"},"inLanguage":"es","potentialAction":[{"@type":"ReadAction","target":["https:\/\/ffuuss.com\/es\/politica-de-cookies\/"]}]},{"@type":"BreadcrumbList","@id":"https:\/\/ffuuss.com\/es\/politica-de-cookies\/#breadcrumb","itemListElement":[{"@type":"ListItem","position":1,"name":"Home","item":"https:\/\/ffuuss.com\/es\/"},{"@type":"ListItem","position":2,"name":"Pol\u00edtica de cookies"}]},{"@type":"WebSite","@id":"https:\/\/ffuuss.com\/#website","url":"https:\/\/ffuuss.com\/","name":"ffuuss\u2122","description":"Air hugs technology","potentialAction":[{"@type":"SearchAction","target":{"@type":"EntryPoint","urlTemplate":"https:\/\/ffuuss.com\/?s={search_term_string}"},"query-input":"required name=search_term_string"}],"inLanguage":"es"}]}},"_links":{"self":[{"href":"https:\/\/ffuuss.com\/es\/wp-json\/wp\/v2\/pages\/5553"}],"collection":[{"href":"https:\/\/ffuuss.com\/es\/wp-json\/wp\/v2\/pages"}],"about":[{"href":"https:\/\/ffuuss.com\/es\/wp-json\/wp\/v2\/types\/page"}],"author":[{"embeddable":true,"href":"https:\/\/ffuuss.com\/es\/wp-json\/wp\/v2\/users\/5"}],"replies":[{"embeddable":true,"href":"https:\/\/ffuuss.com\/es\/wp-json\/wp\/v2\/comments?post=5553"}],"version-history":[{"count":0,"href":"https:\/\/ffuuss.com\/es\/wp-json\/wp\/v2\/pages\/5553\/revisions"}],"wp:attachment":[{"href":"https:\/\/ffuuss.com\/es\/wp-json\/wp\/v2\/media?parent=5553"}],"curies":[{"name":"wp","href":"https:\/\/api.w.org\/{rel}","templated":true}]}}