{"id":5551,"date":"2024-10-16T12:19:25","date_gmt":"2024-10-16T11:19:25","guid":{"rendered":"https:\/\/ffuuss.com\/politica-de-privacidad-nuevo\/"},"modified":"2024-10-30T15:43:18","modified_gmt":"2024-10-30T14:43:18","slug":"politica-de-privacidad","status":"publish","type":"page","link":"https:\/\/ffuuss.com\/es\/politica-de-privacidad\/","title":{"rendered":"Pol\u00edtica de Privacidad"},"content":{"rendered":"\t\t<div data-elementor-type=\"wp-page\" data-elementor-id=\"5551\" class=\"elementor elementor-5551 elementor-5536\">\n\t\t\t\t\t\t<section class=\"elementor-section elementor-top-section elementor-element elementor-element-98d3f14 elementor-hidden-tablet elementor-hidden-mobile elementor-section-boxed elementor-section-height-default elementor-section-height-default\" data-id=\"98d3f14\" data-element_type=\"section\" data-settings=\"{&quot;background_background&quot;:&quot;classic&quot;,&quot;ekit_has_onepagescroll_dot&quot;:&quot;yes&quot;}\">\n\t\t\t\t\t\t<div class=\"elementor-container elementor-column-gap-default\">\n\t\t\t\t\t<div class=\"elementor-column elementor-col-100 elementor-top-column elementor-element elementor-element-d1eca76\" data-id=\"d1eca76\" data-element_type=\"column\">\n\t\t\t<div class=\"elementor-widget-wrap elementor-element-populated\">\n\t\t\t\t\t\t<div class=\"elementor-element elementor-element-eed1194 elementor-widget elementor-widget-spacer\" data-id=\"eed1194\" data-element_type=\"widget\" data-settings=\"{&quot;ekit_we_effect_on&quot;:&quot;none&quot;}\" data-widget_type=\"spacer.default\">\n\t\t\t\t<div class=\"elementor-widget-container\">\n\t\t\t\t\t<div class=\"elementor-spacer\">\n\t\t\t<div class=\"elementor-spacer-inner\"><\/div>\n\t\t<\/div>\n\t\t\t\t<\/div>\n\t\t\t\t<\/div>\n\t\t\t\t\t<\/div>\n\t\t<\/div>\n\t\t\t\t\t<\/div>\n\t\t<\/section>\n\t\t\t\t<section class=\"elementor-section elementor-top-section elementor-element elementor-element-61a9310 elementor-section-boxed elementor-section-height-default elementor-section-height-default\" data-id=\"61a9310\" data-element_type=\"section\" data-settings=\"{&quot;ekit_has_onepagescroll_dot&quot;:&quot;yes&quot;}\">\n\t\t\t\t\t\t<div class=\"elementor-container elementor-column-gap-default\">\n\t\t\t\t\t<div class=\"elementor-column elementor-col-100 elementor-top-column elementor-element elementor-element-9624e9b\" data-id=\"9624e9b\" data-element_type=\"column\">\n\t\t\t<div class=\"elementor-widget-wrap elementor-element-populated\">\n\t\t\t\t\t\t<div class=\"elementor-element elementor-element-a75beda elementor-widget elementor-widget-heading\" data-id=\"a75beda\" data-element_type=\"widget\" data-settings=\"{&quot;ekit_we_effect_on&quot;:&quot;none&quot;}\" data-widget_type=\"heading.default\">\n\t\t\t\t<div class=\"elementor-widget-container\">\n\t\t\t<h1 class=\"elementor-heading-title elementor-size-default\">Pol\u00edtica de privacidad<\/h1>\t\t<\/div>\n\t\t\t\t<\/div>\n\t\t\t\t<div class=\"elementor-element elementor-element-d7221bb elementor-widget elementor-widget-text-editor\" data-id=\"d7221bb\" data-element_type=\"widget\" data-settings=\"{&quot;ekit_we_effect_on&quot;:&quot;none&quot;}\" data-widget_type=\"text-editor.default\">\n\t\t\t\t<div class=\"elementor-widget-container\">\n\t\t\t\t\t\t\t<p>Antes de utilizar este sitio web, lea atentamente esta declaraci\u00f3n de privacidad, que contiene toda la informaci\u00f3n sobre c\u00f3mo procesaremos sus datos. El uso de este sitio web implica la aceptaci\u00f3n expresa de nuestra Pol\u00edtica de privacidad. Si no acepta nuestra Pol\u00edtica de privacidad, no utilice este sitio web.  <\/p>\n<\/p>\n<p><strong>1. Tipos de datos tratados \/ Enlaces a otras p\u00e1ginas web<\/strong><br \/>FFUUSS 2013, S.L. respeta su privacidad. FFUUSS 2013, S.L. no recoge ni trata ning\u00fan tipo de datos personales a trav\u00e9s de esta p\u00e1gina web, salvo los recogidos a trav\u00e9s de las cookies, tal y como se explica a continuaci\u00f3n. Esta p\u00e1gina web puede contener enlaces a otras p\u00e1ginas web propiedad de FFUUSS 2013, S.L. o a p\u00e1ginas web propiedad de nuestros distribuidores, talleres autorizados, otras empresas relacionadas o redes sociales. Al hacer clic en un enlace a otra p\u00e1gina web propiedad de FFUUSS 2013, S.L. o de otro tercero, recuerde que estas p\u00e1ginas tienen su propia pol\u00edtica de privacidad. Antes de utilizar estas p\u00e1ginas web, lea su pol\u00edtica de privacidad. FFUUSS 2013, S.L. no acepta ning\u00fan tipo de responsabilidad por las p\u00e1ginas web de terceros cuyos enlaces aparecen en esta p\u00e1gina web.     <\/p>\n<\/p>\n<p><strong>2. Recopilaci\u00f3n y uso de informaci\u00f3n<\/strong><br \/>Para mejorar el rendimiento del sistema y la facilidad de uso de este sitio web, as\u00ed como para proporcionar informaci\u00f3n \u00fatil sobre nuestros productos y servicios, recopilamos y almacenamos autom\u00e1ticamente informaci\u00f3n en los archivos de registro de su computadora.<\/p>\n<\/p>\n<p>Esto incluye su direcci\u00f3n IP, tipo de navegador, idioma seleccionado, sistema operativo, proveedor de servicios de Internet (ISP) y la fecha y hora. Esta informaci\u00f3n se utiliza globalmente para mejorar la gesti\u00f3n de este sitio web, analizar tendencias y recopilar datos demogr\u00e1ficos sobre nuestros usuarios. La informaci\u00f3n recopilada puede ser utilizada por nuestros servicios de marketing, publicidad y comunicaci\u00f3n (para optimizar y mejorar la experiencia del usuario e introducir ofertas especiales y servicios m\u00e1s atractivos, por ejemplo).  <\/p>\n<\/p>\n<p>Si se utiliza informaci\u00f3n no personal junto con datos personales, todo el conjunto de datos se procesar\u00e1 como datos personales.<\/p>\n<\/p>\n<p><strong>3. Protecci\u00f3n de datos personales<\/strong><br \/>Responsable del tratamiento de los datos: El responsable del tratamiento de los datos personales que nos has facilitado es FFUUSS 2013, S.L. (miembro de OTS GROUP) (Pol. Ind. \u201cEls Ametllers\u201d, C\/ Ganiveters 7, 25280 Solsona \u2013 Lleida, Espa\u00f1a \/ <a href=\"mailto:info@otsgroup.es\">info@otsgroup.es<\/a>).  <\/p>\n<\/p>\n<p>Finalidad: Los datos personales que nos facilites ser\u00e1n utilizados \u00fanicamente para las siguientes finalidades: Gestionar los pedidos recibidos, ofrecer servicios de atenci\u00f3n al cliente y responder a las consultas planteadas, y para fines estad\u00edsticos y de gesti\u00f3n contable, fiscal y administrativa.<\/p>\n<\/p>\n<p>Base legal: La base legal para el tratamiento de sus datos es la ejecuci\u00f3n de un contrato o el consentimiento del interesado, siendo la base legal el C\u00f3digo de Comercio, leyes complementarias y cualquier ley espec\u00edfica que pueda afectar espec\u00edficamente a la actividad empresarial.<\/p>\n<\/p>\n<p>Destinatarios: OTS GROUP tiene contratado un servicio de computaci\u00f3n en la nube que cumple con todos los requisitos legales estipulados en el RGPD.<\/p>\n<\/p>\n<p>Derechos: Para ejercitar sus derechos de acceso, rectificaci\u00f3n, supresi\u00f3n, oposici\u00f3n, derecho al olvido y derecho a la limitaci\u00f3n y portabilidad de sus datos, puede dirigirse a: OTS GROUP (Pol. Ind. \u201cEls Ametllers\u201d, C\/ Ganiveters 7, 25280 Solsona \u2013 Lleida, Espa\u00f1a \/ i<a href=\"mailto:info@otsgroup.es\">nfo@otsgroup.es)<\/a>. Asimismo, tiene derecho a presentar una reclamaci\u00f3n ante la Agencia Espa\u00f1ola de Protecci\u00f3n de Datos (AEPD).   <\/p>\n<\/p>\n<p>Informaci\u00f3n adicional: OTS GROUP se compromete a no utilizar de manera desleal la informaci\u00f3n y los datos personales que usted le facilite y se compromete a mantener la confidencialidad de dichos datos en todas las solicitudes.<\/p>\n<\/p>\n<p>Sus datos se conservar\u00e1n mientras exista la relaci\u00f3n comercial entre nosotros o durante el tiempo necesario para cumplir con nuestras obligaciones legales.<\/p>\n<\/p>\n<p>En relaci\u00f3n al tratamiento de datos y a toda la documentaci\u00f3n, OTS GROUP ha implementado todas las medidas correspondientes y documentos de seguridad exigidos por la legislaci\u00f3n vigente.<\/p>\n\t\t\t\t\t\t<\/div>\n\t\t\t\t<\/div>\n\t\t\t\t\t<\/div>\n\t\t<\/div>\n\t\t\t\t\t<\/div>\n\t\t<\/section>\n\t\t\t\t<\/div>\n\t\t","protected":false},"excerpt":{"rendered":"Pol\u00edtica de privacidad Antes de utilizar este sitio web, lea atentamente esta declaraci\u00f3n de privacidad, que contiene toda la informaci\u00f3n sobre c\u00f3mo procesaremos sus datos. El uso de este sitio web implica la aceptaci\u00f3n expresa de nuestra Pol\u00edtica de privacidad. Si no acepta nuestra Pol\u00edtica de privacidad, no utilice este sitio web. 1. Tipos de [&hellip;]","protected":false},"author":5,"featured_media":0,"parent":0,"menu_order":0,"comment_status":"closed","ping_status":"closed","template":"","meta":{"inline_featured_image":false,"_genesis_hide_title":false,"_genesis_hide_breadcrumbs":false,"_genesis_hide_singular_image":false,"_genesis_hide_footer_widgets":false,"_genesis_custom_body_class":"","_genesis_custom_post_class":"","_genesis_layout":"","footnotes":""},"yoast_head":"<!-- This site is optimized with the Yoast SEO plugin v22.3 - https:\/\/yoast.com\/wordpress\/plugins\/seo\/ -->\n<title>Pol\u00edtica de Privacidad - ffuuss\u2122<\/title>\n<meta name=\"robots\" content=\"index, follow, max-snippet:-1, max-image-preview:large, max-video-preview:-1\" \/>\n<link rel=\"canonical\" href=\"https:\/\/ffuuss.com\/es\/politica-de-privacidad\/\" \/>\n<meta property=\"og:locale\" content=\"es_ES\" \/>\n<meta property=\"og:type\" content=\"article\" \/>\n<meta property=\"og:title\" content=\"Pol\u00edtica de Privacidad - ffuuss\u2122\" \/>\n<meta property=\"og:description\" content=\"Pol\u00edtica de privacidad Antes de utilizar este sitio web, lea atentamente esta declaraci\u00f3n de privacidad, que contiene toda la informaci\u00f3n sobre c\u00f3mo procesaremos sus datos. El uso de este sitio web implica la aceptaci\u00f3n expresa de nuestra Pol\u00edtica de privacidad. Si no acepta nuestra Pol\u00edtica de privacidad, no utilice este sitio web. 1. Tipos de [&hellip;]\" \/>\n<meta property=\"og:url\" content=\"https:\/\/ffuuss.com\/es\/politica-de-privacidad\/\" \/>\n<meta property=\"og:site_name\" content=\"ffuuss\u2122\" \/>\n<meta property=\"article:modified_time\" content=\"2024-10-30T14:43:18+00:00\" \/>\n<meta name=\"twitter:card\" content=\"summary_large_image\" \/>\n<meta name=\"twitter:label1\" content=\"Tiempo de lectura\" \/>\n\t<meta name=\"twitter:data1\" content=\"3 minutos\" \/>\n<script type=\"application\/ld+json\" class=\"yoast-schema-graph\">{\"@context\":\"https:\/\/schema.org\",\"@graph\":[{\"@type\":\"WebPage\",\"@id\":\"https:\/\/ffuuss.com\/es\/politica-de-privacidad\/\",\"url\":\"https:\/\/ffuuss.com\/es\/politica-de-privacidad\/\",\"name\":\"Pol\u00edtica de Privacidad - ffuuss\u2122\",\"isPartOf\":{\"@id\":\"https:\/\/ffuuss.com\/#website\"},\"datePublished\":\"2024-10-16T11:19:25+00:00\",\"dateModified\":\"2024-10-30T14:43:18+00:00\",\"breadcrumb\":{\"@id\":\"https:\/\/ffuuss.com\/es\/politica-de-privacidad\/#breadcrumb\"},\"inLanguage\":\"es\",\"potentialAction\":[{\"@type\":\"ReadAction\",\"target\":[\"https:\/\/ffuuss.com\/es\/politica-de-privacidad\/\"]}]},{\"@type\":\"BreadcrumbList\",\"@id\":\"https:\/\/ffuuss.com\/es\/politica-de-privacidad\/#breadcrumb\",\"itemListElement\":[{\"@type\":\"ListItem\",\"position\":1,\"name\":\"Home\",\"item\":\"https:\/\/ffuuss.com\/es\/\"},{\"@type\":\"ListItem\",\"position\":2,\"name\":\"Pol\u00edtica de Privacidad\"}]},{\"@type\":\"WebSite\",\"@id\":\"https:\/\/ffuuss.com\/#website\",\"url\":\"https:\/\/ffuuss.com\/\",\"name\":\"ffuuss\u2122\",\"description\":\"Air hugs technology\",\"potentialAction\":[{\"@type\":\"SearchAction\",\"target\":{\"@type\":\"EntryPoint\",\"urlTemplate\":\"https:\/\/ffuuss.com\/?s={search_term_string}\"},\"query-input\":\"required name=search_term_string\"}],\"inLanguage\":\"es\"}]}<\/script>\n<!-- \/ Yoast SEO plugin. -->","yoast_head_json":{"title":"Pol\u00edtica de Privacidad - ffuuss\u2122","robots":{"index":"index","follow":"follow","max-snippet":"max-snippet:-1","max-image-preview":"max-image-preview:large","max-video-preview":"max-video-preview:-1"},"canonical":"https:\/\/ffuuss.com\/es\/politica-de-privacidad\/","og_locale":"es_ES","og_type":"article","og_title":"Pol\u00edtica de Privacidad - ffuuss\u2122","og_description":"Pol\u00edtica de privacidad Antes de utilizar este sitio web, lea atentamente esta declaraci\u00f3n de privacidad, que contiene toda la informaci\u00f3n sobre c\u00f3mo procesaremos sus datos. El uso de este sitio web implica la aceptaci\u00f3n expresa de nuestra Pol\u00edtica de privacidad. Si no acepta nuestra Pol\u00edtica de privacidad, no utilice este sitio web. 1. Tipos de [&hellip;]","og_url":"https:\/\/ffuuss.com\/es\/politica-de-privacidad\/","og_site_name":"ffuuss\u2122","article_modified_time":"2024-10-30T14:43:18+00:00","twitter_card":"summary_large_image","twitter_misc":{"Tiempo de lectura":"3 minutos"},"schema":{"@context":"https:\/\/schema.org","@graph":[{"@type":"WebPage","@id":"https:\/\/ffuuss.com\/es\/politica-de-privacidad\/","url":"https:\/\/ffuuss.com\/es\/politica-de-privacidad\/","name":"Pol\u00edtica de Privacidad - ffuuss\u2122","isPartOf":{"@id":"https:\/\/ffuuss.com\/#website"},"datePublished":"2024-10-16T11:19:25+00:00","dateModified":"2024-10-30T14:43:18+00:00","breadcrumb":{"@id":"https:\/\/ffuuss.com\/es\/politica-de-privacidad\/#breadcrumb"},"inLanguage":"es","potentialAction":[{"@type":"ReadAction","target":["https:\/\/ffuuss.com\/es\/politica-de-privacidad\/"]}]},{"@type":"BreadcrumbList","@id":"https:\/\/ffuuss.com\/es\/politica-de-privacidad\/#breadcrumb","itemListElement":[{"@type":"ListItem","position":1,"name":"Home","item":"https:\/\/ffuuss.com\/es\/"},{"@type":"ListItem","position":2,"name":"Pol\u00edtica de Privacidad"}]},{"@type":"WebSite","@id":"https:\/\/ffuuss.com\/#website","url":"https:\/\/ffuuss.com\/","name":"ffuuss\u2122","description":"Air hugs technology","potentialAction":[{"@type":"SearchAction","target":{"@type":"EntryPoint","urlTemplate":"https:\/\/ffuuss.com\/?s={search_term_string}"},"query-input":"required name=search_term_string"}],"inLanguage":"es"}]}},"_links":{"self":[{"href":"https:\/\/ffuuss.com\/es\/wp-json\/wp\/v2\/pages\/5551"}],"collection":[{"href":"https:\/\/ffuuss.com\/es\/wp-json\/wp\/v2\/pages"}],"about":[{"href":"https:\/\/ffuuss.com\/es\/wp-json\/wp\/v2\/types\/page"}],"author":[{"embeddable":true,"href":"https:\/\/ffuuss.com\/es\/wp-json\/wp\/v2\/users\/5"}],"replies":[{"embeddable":true,"href":"https:\/\/ffuuss.com\/es\/wp-json\/wp\/v2\/comments?post=5551"}],"version-history":[{"count":0,"href":"https:\/\/ffuuss.com\/es\/wp-json\/wp\/v2\/pages\/5551\/revisions"}],"wp:attachment":[{"href":"https:\/\/ffuuss.com\/es\/wp-json\/wp\/v2\/media?parent=5551"}],"curies":[{"name":"wp","href":"https:\/\/api.w.org\/{rel}","templated":true}]}}